{"id":41,"date":"2024-03-21T12:52:19","date_gmt":"2024-03-21T11:52:19","guid":{"rendered":"https:\/\/assyriayouthcamp.se\/?page_id=41"},"modified":"2024-04-03T10:25:53","modified_gmt":"2024-04-03T08:25:53","slug":"anmalan","status":"publish","type":"page","link":"http:\/\/assyriayouthcamp.se\/?page_id=41","title":{"rendered":"Anm\u00e4lan"},"content":{"rendered":"\n<p class=\"has-white-color has-gray-background-color has-text-color has-background has-link-color wp-elements-bbc5760d387a507de648d07af1bc71fa\"><strong>V\u00e4nligen notera, intresset \u00e4r v\u00e4ldigt stort och vi har f\u00e5tt in anm\u00e4lningar \u00f6ver f\u00f6rv\u00e4ntan. Alla nya anm\u00e4lningar kommer att automatiskt hamna i en k\u00f6lista. Ni kommer att informeras om ni blir erbjuden plats.<\/strong><\/p>\n\n\n\n<p>Anm\u00e4lan \u00f6ppnas 25 Mars kl 15.00, anv\u00e4nd nedan l\u00e4nk f\u00f6r att komma till anm\u00e4lan alternativt skanna QR-koden med din mobil kamera. V\u00e4nligen notera att ni beh\u00f6ver fylla i formul\u00e4ret en g\u00e5ng per barn.<br><br><a href=\"https:\/\/forms.office.com\/e\/Va2pXheKvY\" data-type=\"link\" data-id=\"https:\/\/forms.office.com\/e\/Va2pXheKvY\" target=\"_blank\" rel=\"noreferrer noopener\">https:\/\/forms.office.com\/e\/Va2pXheKvY<\/a><\/p>\n\n\n<div class=\"wp-block-image is-style-default\">\n<figure class=\"alignleft size-medium\"><img loading=\"lazy\" decoding=\"async\" width=\"300\" height=\"300\" src=\"https:\/\/assyriayouthcamp.se\/wp-content\/uploads\/2024\/03\/QR-kod-for-Assyria-Youth-Camp-300x300.jpg\" alt=\"\" class=\"wp-image-42\" srcset=\"http:\/\/assyriayouthcamp.se\/wp-content\/uploads\/2024\/03\/QR-kod-for-Assyria-Youth-Camp-300x300.jpg 300w, http:\/\/assyriayouthcamp.se\/wp-content\/uploads\/2024\/03\/QR-kod-for-Assyria-Youth-Camp-1024x1024.jpg 1024w, http:\/\/assyriayouthcamp.se\/wp-content\/uploads\/2024\/03\/QR-kod-for-Assyria-Youth-Camp-150x150.jpg 150w, http:\/\/assyriayouthcamp.se\/wp-content\/uploads\/2024\/03\/QR-kod-for-Assyria-Youth-Camp-768x768.jpg 768w, http:\/\/assyriayouthcamp.se\/wp-content\/uploads\/2024\/03\/QR-kod-for-Assyria-Youth-Camp-1536x1536.jpg 1536w, http:\/\/assyriayouthcamp.se\/wp-content\/uploads\/2024\/03\/QR-kod-for-Assyria-Youth-Camp-640x640.jpg 640w, http:\/\/assyriayouthcamp.se\/wp-content\/uploads\/2024\/03\/QR-kod-for-Assyria-Youth-Camp-240x240.jpg 240w, http:\/\/assyriayouthcamp.se\/wp-content\/uploads\/2024\/03\/QR-kod-for-Assyria-Youth-Camp-110x110.jpg 110w, http:\/\/assyriayouthcamp.se\/wp-content\/uploads\/2024\/03\/QR-kod-for-Assyria-Youth-Camp.jpg 1890w\" sizes=\"(max-width: 300px) 100vw, 300px\" \/><\/figure><\/div>","protected":false},"excerpt":{"rendered":"<p>V\u00e4nligen notera, intresset \u00e4r v\u00e4ldigt stort och vi har f\u00e5tt in anm\u00e4lningar \u00f6ver f\u00f6rv\u00e4ntan. Alla nya anm\u00e4lningar kommer att automatiskt &hellip; <a href=\"http:\/\/assyriayouthcamp.se\/?page_id=41\" class=\"more-link\"><span class=\"more-button\">Forts\u00e4tt l\u00e4sa<span class=\"screen-reader-text\">Anm\u00e4lan<\/span><\/span><\/a><\/p>\n","protected":false},"author":1,"featured_media":0,"parent":0,"menu_order":0,"comment_status":"closed","ping_status":"closed","template":"templates\/full-width-page.php","meta":{"_monsterinsights_skip_tracking":false,"_monsterinsights_sitenote_active":false,"_monsterinsights_sitenote_note":"","_monsterinsights_sitenote_category":0,"footnotes":""},"_links":{"self":[{"href":"http:\/\/assyriayouthcamp.se\/index.php?rest_route=\/wp\/v2\/pages\/41"}],"collection":[{"href":"http:\/\/assyriayouthcamp.se\/index.php?rest_route=\/wp\/v2\/pages"}],"about":[{"href":"http:\/\/assyriayouthcamp.se\/index.php?rest_route=\/wp\/v2\/types\/page"}],"author":[{"embeddable":true,"href":"http:\/\/assyriayouthcamp.se\/index.php?rest_route=\/wp\/v2\/users\/1"}],"replies":[{"embeddable":true,"href":"http:\/\/assyriayouthcamp.se\/index.php?rest_route=%2Fwp%2Fv2%2Fcomments&post=41"}],"version-history":[{"count":6,"href":"http:\/\/assyriayouthcamp.se\/index.php?rest_route=\/wp\/v2\/pages\/41\/revisions"}],"predecessor-version":[{"id":87,"href":"http:\/\/assyriayouthcamp.se\/index.php?rest_route=\/wp\/v2\/pages\/41\/revisions\/87"}],"wp:attachment":[{"href":"http:\/\/assyriayouthcamp.se\/index.php?rest_route=%2Fwp%2Fv2%2Fmedia&parent=41"}],"curies":[{"name":"wp","href":"https:\/\/api.w.org\/{rel}","templated":true}]}}