{"id":9,"date":"2024-03-19T08:58:01","date_gmt":"2024-03-19T07:58:01","guid":{"rendered":"https:\/\/assyriayouthcamp.se\/?page_id=9"},"modified":"2024-05-29T23:20:38","modified_gmt":"2024-05-29T21:20:38","slug":"lagerregler","status":"publish","type":"page","link":"http:\/\/assyriayouthcamp.se\/?page_id=9","title":{"rendered":"L\u00e4gerinfo"},"content":{"rendered":"\n<p>2024 kommer sommarl\u00e4gret att h\u00e5llas 5-11 juli 2024. Det \u00e4r uppdelat p\u00e5 tv\u00e5 olika l\u00e4ger.<\/p>\n\n\n\n<p>Barn mellan 7-11 \u00e5r, 5-8 juli (Fre-M\u00e5n)<\/p>\n\n\n\n<p>Ungdomar 12 \u00e5r och upp\u00e5t, 8-11 juli (M\u00e5n-Tor)<\/p>\n\n\n\n<p>Platsen f\u00f6r dessa l\u00e4ger \u00e4r Botvidsg\u00e5rden, som ligger i Trosa, n\u00e4ra Stockholm, med plats f\u00f6r 39 s\u00e4ngar. Mer information hittar ni p\u00e5 l\u00e4gerg\u00e5rdens hemsida <a href=\"https:\/\/www.botkyrka.se\/uppleva-och-gora\/moteslokaler\/botvidsgarden\/om-botvidsgarden\">h\u00e4r<\/a>.<\/p>\n\n\n\n<p>Kostnaden \u00e4r 450kr per barn\/ungdom<\/p>\n","protected":false},"excerpt":{"rendered":"<p>2024 kommer sommarl\u00e4gret att h\u00e5llas 5-11 juli 2024. Det \u00e4r uppdelat p\u00e5 tv\u00e5 olika l\u00e4ger. Barn mellan 7-11 \u00e5r, 5-8 &hellip; <a href=\"http:\/\/assyriayouthcamp.se\/?page_id=9\" class=\"more-link\"><span class=\"more-button\">Forts\u00e4tt l\u00e4sa<span class=\"screen-reader-text\">L\u00e4gerinfo<\/span><\/span><\/a><\/p>\n","protected":false},"author":1,"featured_media":0,"parent":0,"menu_order":0,"comment_status":"closed","ping_status":"closed","template":"templates\/full-width-page.php","meta":{"_monsterinsights_skip_tracking":false,"_monsterinsights_sitenote_active":false,"_monsterinsights_sitenote_note":"","_monsterinsights_sitenote_category":0,"footnotes":""},"_links":{"self":[{"href":"http:\/\/assyriayouthcamp.se\/index.php?rest_route=\/wp\/v2\/pages\/9"}],"collection":[{"href":"http:\/\/assyriayouthcamp.se\/index.php?rest_route=\/wp\/v2\/pages"}],"about":[{"href":"http:\/\/assyriayouthcamp.se\/index.php?rest_route=\/wp\/v2\/types\/page"}],"author":[{"embeddable":true,"href":"http:\/\/assyriayouthcamp.se\/index.php?rest_route=\/wp\/v2\/users\/1"}],"replies":[{"embeddable":true,"href":"http:\/\/assyriayouthcamp.se\/index.php?rest_route=%2Fwp%2Fv2%2Fcomments&post=9"}],"version-history":[{"count":6,"href":"http:\/\/assyriayouthcamp.se\/index.php?rest_route=\/wp\/v2\/pages\/9\/revisions"}],"predecessor-version":[{"id":90,"href":"http:\/\/assyriayouthcamp.se\/index.php?rest_route=\/wp\/v2\/pages\/9\/revisions\/90"}],"wp:attachment":[{"href":"http:\/\/assyriayouthcamp.se\/index.php?rest_route=%2Fwp%2Fv2%2Fmedia&parent=9"}],"curies":[{"name":"wp","href":"https:\/\/api.w.org\/{rel}","templated":true}]}}